{"id":76,"date":"2023-12-11T13:57:11","date_gmt":"2023-12-11T11:57:11","guid":{"rendered":"https:\/\/dev.pneum-orgelteile.com\/en\/?page_id=76"},"modified":"2023-12-17T17:57:14","modified_gmt":"2023-12-17T15:57:14","slug":"terms-conditions","status":"publish","type":"page","link":"https:\/\/pneum-orgelteile.com\/de\/agbs\/","title":{"rendered":"AGBs"},"content":{"rendered":"<p><\/p>\n<ol>\n<li style=\"font-weight: 400;\" aria-level=\"1\"><span style=\"font-weight: 400;\">Lieferungen nur gegen Vorauskasse durch Bank\u00fcberweisung. Evtl. Geb\u00fchren f\u00fcr den Geldtransfer mu\u00df der Besteller \u00fcbernehmen. Der Rechnungsendbetrag mu\u00df uns in voller H\u00f6he\u00a0erreichen. Wir behalten uns eine Vorausberechnung oder Nachberechnung vor.<\/span><span style=\"font-weight: 400;\"><br \/>\n<\/span><span style=\"font-weight: 400;\">Der Rechnungsendbetrag ist sofort nach Erhalt der Rechnung ausschlie\u00dflich in Euro an uns zu bezahlen.<\/span><span style=\"font-weight: 400;\"><br \/>\n<\/span><span style=\"font-weight: 400;\">Bei \u00dcberweisungen aus dem Ausland mu\u00df unsere IBAN Kontonummer und der BIC Code der Bank angegeben\u00a0werden.<\/span><\/li>\n<li style=\"font-weight: 400;\" aria-level=\"1\"><span style=\"font-weight: 400;\">Neukunden und unregelm\u00e4\u00dfig bestellende Kunden beliefern wir nur gegen Vorkasse. Zahlungen bitte ausschlie\u00dflich anhand unserer Rechnung.<\/span><\/li>\n<li style=\"font-weight: 400;\" aria-level=\"1\"><span style=\"font-weight: 400;\">Der Versand erfolgt auf Gefahr des Empf\u00e4ngers. Wenn vom Besteller auf seine Kosten nichts anderes vorgeschrieben ist, erfolgt der Versand auf dem billigsten Weg. Als Transportverpackung verwenden wir so weit m\u00f6glich umweltfreundliche Materialien.<\/span><\/li>\n<li style=\"font-weight: 400;\" aria-level=\"1\"><b>Unser Mindestbestellwert betr\u00e4gt 120 Euro netto\u00a0<\/b><span style=\"font-weight: 400;\">(Warenwert\u00a0<\/span><b>ohne<\/b><span style=\"font-weight: 400;\">\u00a0Mehrwertsteuer und\u00a0<\/span><b>ohne<\/b><span style=\"font-weight: 400;\">\u00a0Verp.\/Transport usw.).<\/span><\/li>\n<li style=\"font-weight: 400;\" aria-level=\"1\"><span style=\"font-weight: 400;\">Die Lieferzeit betr\u00e4gt bei Lagerwaren ca. 10 Tage, bei Herstellung auf Absprache. Eine Liefergarantie\u00a0schlie\u00dfen wir aus.<\/span><\/li>\n<li style=\"font-weight: 400;\" aria-level=\"1\"><span style=\"font-weight: 400;\">Die Ware bleibt bis zur vollst\u00e4ndigen Bezahlung unser Eigentum.<\/span><\/li>\n<li style=\"font-weight: 400;\" aria-level=\"1\"><span style=\"font-weight: 400;\">Der Kaufvertrag gilt bei Vorauszahlung oder Entgegennahme der Ware als geschlossen. Der Besteller best\u00e4tigt mit seinem Auftrag, da\u00df er zum oben erw\u00e4hnten Kundenkreis geh\u00f6rt und dass er unsere Infos zum Datenschutz gelesen und akzeptiert hat. Wir weisen Sie auf Ihr evtl. gesetzl. Rechte hin.<\/span><\/li>\n<li style=\"font-weight: 400;\" aria-level=\"1\"><span style=\"font-weight: 400;\">Abweichende Zahlungs- und Lieferbedingungen des Bestellers werden nur nach einer schriftlichen\u00a0Best\u00e4tigung durch uns anerkannt, ansonsten ist der Besteller mit unseren Zahlungs- und Lieferbedingungen einverstanden.\u00a0\u00a0<\/span><\/li>\n<\/ol>\n<p><\/p>","protected":false},"excerpt":{"rendered":"<p>Lieferungen nur gegen Vorauskasse durch Bank\u00fcberweisung. Evtl. Geb\u00fchren f\u00fcr den Geldtransfer mu\u00df der Besteller \u00fcbernehmen. Der Rechnungsendbetrag mu\u00df uns in voller H\u00f6he\u00a0erreichen. Wir behalten uns eine Vorausberechnung oder Nachberechnung vor. Der Rechnungsendbetrag ist sofort nach Erhalt der Rechnung ausschlie\u00dflich in Euro an uns zu bezahlen. Bei \u00dcberweisungen aus dem Ausland&#8230;  <a class=\"excerpt-read-more\" href=\"https:\/\/pneum-orgelteile.com\/de\/agbs\/\" title=\"Read AGBs\">Weiter &raquo;<\/a><\/p>\n","protected":false},"author":1,"featured_media":0,"parent":0,"menu_order":0,"comment_status":"closed","ping_status":"closed","template":"","meta":{"footnotes":""},"class_list":["post-76","page","type-page","status-publish","hentry"],"yoast_head":"<!-- This site is optimized with the Yoast SEO plugin v27.3 - https:\/\/yoast.com\/product\/yoast-seo-wordpress\/ -->\n<title>Pneumatische Orgelteile &amp; Restauration AGBs<\/title>\n<meta name=\"robots\" content=\"index, follow, max-snippet:-1, max-image-preview:large, max-video-preview:-1\" \/>\n<link rel=\"canonical\" href=\"https:\/\/pneum-orgelteile.com\/de\/terms-conditions\/\" \/>\n<meta property=\"og:locale\" content=\"de_DE\" \/>\n<meta property=\"og:type\" content=\"article\" \/>\n<meta property=\"og:title\" content=\"Pneumatische Orgelteile &amp; Restauration AGBs\" \/>\n<meta property=\"og:description\" content=\"Lieferungen nur gegen Vorauskasse durch Bank\u00fcberweisung. Evtl. Geb\u00fchren f\u00fcr den Geldtransfer mu\u00df der Besteller \u00fcbernehmen. Der Rechnungsendbetrag mu\u00df uns in voller H\u00f6he\u00a0erreichen. Wir behalten uns eine Vorausberechnung oder Nachberechnung vor. Der Rechnungsendbetrag ist sofort nach Erhalt der Rechnung ausschlie\u00dflich in Euro an uns zu bezahlen. Bei \u00dcberweisungen aus dem Ausland... Weiter &raquo;\" \/>\n<meta property=\"og:url\" content=\"https:\/\/pneum-orgelteile.com\/de\/terms-conditions\/\" \/>\n<meta property=\"og:site_name\" content=\"Pneumatische Orgelteile &amp; Restauration\" \/>\n<meta property=\"article:modified_time\" content=\"2023-12-17T15:57:14+00:00\" \/>\n<meta name=\"twitter:card\" content=\"summary_large_image\" \/>\n<meta name=\"twitter:label1\" content=\"Gesch\u00e4tzte Lesezeit\" \/>\n\t<meta name=\"twitter:data1\" content=\"2\u00a0Minuten\" \/>\n<script type=\"application\/ld+json\" class=\"yoast-schema-graph\">{\"@context\":\"https:\\\/\\\/schema.org\",\"@graph\":[{\"@type\":\"WebPage\",\"@id\":\"https:\\\/\\\/pneum-orgelteile.com\\\/de\\\/terms-conditions\\\/\",\"url\":\"https:\\\/\\\/pneum-orgelteile.com\\\/de\\\/terms-conditions\\\/\",\"name\":\"Pneumatische Orgelteile &amp; Restauration AGBs\",\"isPartOf\":{\"@id\":\"https:\\\/\\\/pneum-orgelteile.com\\\/de\\\/#website\"},\"datePublished\":\"2023-12-11T11:57:11+00:00\",\"dateModified\":\"2023-12-17T15:57:14+00:00\",\"breadcrumb\":{\"@id\":\"https:\\\/\\\/pneum-orgelteile.com\\\/de\\\/terms-conditions\\\/#breadcrumb\"},\"inLanguage\":\"de\",\"potentialAction\":[{\"@type\":\"ReadAction\",\"target\":[[\"https:\\\/\\\/pneum-orgelteile.com\\\/de\\\/terms-conditions\\\/\"]]}]},{\"@type\":\"BreadcrumbList\",\"@id\":\"https:\\\/\\\/pneum-orgelteile.com\\\/de\\\/terms-conditions\\\/#breadcrumb\",\"itemListElement\":[{\"@type\":\"ListItem\",\"position\":1,\"name\":\"Home\",\"item\":\"https:\\\/\\\/pneum-orgelteile.com\\\/de\\\/\"},{\"@type\":\"ListItem\",\"position\":2,\"name\":\"Terms &#038; Conditions\"}]},{\"@type\":\"WebSite\",\"@id\":\"https:\\\/\\\/pneum-orgelteile.com\\\/de\\\/#website\",\"url\":\"https:\\\/\\\/pneum-orgelteile.com\\\/de\\\/\",\"name\":\"Pneumatische Orgelteile & Restauration\",\"description\":\"Schweizer Fachkenntnisse und Technologie f\u00fcr hochwertige Produkte\",\"potentialAction\":[{\"@type\":\"SearchAction\",\"target\":{\"@type\":\"EntryPoint\",\"urlTemplate\":\"https:\\\/\\\/pneum-orgelteile.com\\\/de\\\/?s={search_term_string}\"},\"query-input\":{\"@type\":\"PropertyValueSpecification\",\"valueRequired\":true,\"valueName\":\"search_term_string\"}}],\"inLanguage\":\"de\"}]}<\/script>\n<!-- \/ Yoast SEO plugin. -->","yoast_head_json":{"title":"Pneumatische Orgelteile &amp; Restauration AGBs","robots":{"index":"index","follow":"follow","max-snippet":"max-snippet:-1","max-image-preview":"max-image-preview:large","max-video-preview":"max-video-preview:-1"},"canonical":"https:\/\/pneum-orgelteile.com\/de\/terms-conditions\/","og_locale":"de_DE","og_type":"article","og_title":"Pneumatische Orgelteile &amp; Restauration AGBs","og_description":"Lieferungen nur gegen Vorauskasse durch Bank\u00fcberweisung. Evtl. Geb\u00fchren f\u00fcr den Geldtransfer mu\u00df der Besteller \u00fcbernehmen. Der Rechnungsendbetrag mu\u00df uns in voller H\u00f6he\u00a0erreichen. Wir behalten uns eine Vorausberechnung oder Nachberechnung vor. Der Rechnungsendbetrag ist sofort nach Erhalt der Rechnung ausschlie\u00dflich in Euro an uns zu bezahlen. Bei \u00dcberweisungen aus dem Ausland... Weiter &raquo;","og_url":"https:\/\/pneum-orgelteile.com\/de\/terms-conditions\/","og_site_name":"Pneumatische Orgelteile &amp; Restauration","article_modified_time":"2023-12-17T15:57:14+00:00","twitter_card":"summary_large_image","twitter_misc":{"Gesch\u00e4tzte Lesezeit":"2\u00a0Minuten"},"schema":{"@context":"https:\/\/schema.org","@graph":[{"@type":"WebPage","@id":"https:\/\/pneum-orgelteile.com\/de\/terms-conditions\/","url":"https:\/\/pneum-orgelteile.com\/de\/terms-conditions\/","name":"Pneumatische Orgelteile &amp; Restauration AGBs","isPartOf":{"@id":"https:\/\/pneum-orgelteile.com\/de\/#website"},"datePublished":"2023-12-11T11:57:11+00:00","dateModified":"2023-12-17T15:57:14+00:00","breadcrumb":{"@id":"https:\/\/pneum-orgelteile.com\/de\/terms-conditions\/#breadcrumb"},"inLanguage":"de","potentialAction":[{"@type":"ReadAction","target":[["https:\/\/pneum-orgelteile.com\/de\/terms-conditions\/"]]}]},{"@type":"BreadcrumbList","@id":"https:\/\/pneum-orgelteile.com\/de\/terms-conditions\/#breadcrumb","itemListElement":[{"@type":"ListItem","position":1,"name":"Home","item":"https:\/\/pneum-orgelteile.com\/de\/"},{"@type":"ListItem","position":2,"name":"Terms &#038; Conditions"}]},{"@type":"WebSite","@id":"https:\/\/pneum-orgelteile.com\/de\/#website","url":"https:\/\/pneum-orgelteile.com\/de\/","name":"Pneumatische Orgelteile & Restauration","description":"Schweizer Fachkenntnisse und Technologie f\u00fcr hochwertige Produkte","potentialAction":[{"@type":"SearchAction","target":{"@type":"EntryPoint","urlTemplate":"https:\/\/pneum-orgelteile.com\/de\/?s={search_term_string}"},"query-input":{"@type":"PropertyValueSpecification","valueRequired":true,"valueName":"search_term_string"}}],"inLanguage":"de"}]}},"_links":{"self":[{"href":"https:\/\/pneum-orgelteile.com\/de\/wp-json\/wp\/v2\/pages\/76","targetHints":{"allow":["GET"]}}],"collection":[{"href":"https:\/\/pneum-orgelteile.com\/de\/wp-json\/wp\/v2\/pages"}],"about":[{"href":"https:\/\/pneum-orgelteile.com\/de\/wp-json\/wp\/v2\/types\/page"}],"author":[{"embeddable":true,"href":"https:\/\/pneum-orgelteile.com\/de\/wp-json\/wp\/v2\/users\/1"}],"replies":[{"embeddable":true,"href":"https:\/\/pneum-orgelteile.com\/de\/wp-json\/wp\/v2\/comments?post=76"}],"version-history":[{"count":5,"href":"https:\/\/pneum-orgelteile.com\/de\/wp-json\/wp\/v2\/pages\/76\/revisions"}],"predecessor-version":[{"id":411,"href":"https:\/\/pneum-orgelteile.com\/de\/wp-json\/wp\/v2\/pages\/76\/revisions\/411"}],"wp:attachment":[{"href":"https:\/\/pneum-orgelteile.com\/de\/wp-json\/wp\/v2\/media?parent=76"}],"curies":[{"name":"wp","href":"https:\/\/api.w.org\/{rel}","templated":true}]}}