{"id":12,"date":"2023-12-05T11:54:36","date_gmt":"2023-12-05T09:54:36","guid":{"rendered":"https:\/\/pneum-orgelteile.com\/dev\/?page_id=12"},"modified":"2024-05-22T22:36:20","modified_gmt":"2024-05-22T19:36:20","slug":"precision-engineering","status":"publish","type":"page","link":"https:\/\/pneum-orgelteile.com\/de\/prazisionstechnik\/","title":{"rendered":"Pr\u00e4zisionstechnik"},"content":{"rendered":"<p>Mein Anliegen ist es bei den pneumatischen Orgelteilen durch die richtige und fehlerfreie Materialwahl, h\u00f6chste Qualit\u00e4t zu produzieren.<\/p>\n<p><img loading=\"lazy\" decoding=\"async\" class=\"alignright size-medium wp-image-7\" src=\"https:\/\/dev.pneum-orgelteile.com\/wp-content\/uploads\/2023\/12\/IMG_1535-crop-300x225.jpg\" alt=\"\" width=\"300\" height=\"225\" srcset=\"https:\/\/pneum-orgelteile.com\/wp-content\/uploads\/2023\/12\/IMG_1535-crop-300x225.jpg 300w, https:\/\/pneum-orgelteile.com\/wp-content\/uploads\/2023\/12\/IMG_1535-crop-1024x768.jpg 1024w, https:\/\/pneum-orgelteile.com\/wp-content\/uploads\/2023\/12\/IMG_1535-crop-768x576.jpg 768w, https:\/\/pneum-orgelteile.com\/wp-content\/uploads\/2023\/12\/IMG_1535-crop-1536x1152.jpg 1536w, https:\/\/pneum-orgelteile.com\/wp-content\/uploads\/2023\/12\/IMG_1535-crop.jpg 1600w\" sizes=\"auto, (max-width: 300px) 100vw, 300px\" \/>Der Zuschnitt wird auf einer von maximaler Pr\u00e4zision im textilen Bereich verwendeten Z\u00fcnd digital Cutter nach Anfertigung der entsprechenden Files zu geschnitten. Durch die Projektionsm\u00f6glichkeit, k\u00f6nnen die Teile frei auf St\u00e4rke des Leders entsprechend auf dem Fell verteilt und anschliessend oszillierend geschnitten werden. Die Maschine hat ebenfalls einen Stanzkopf, de pr\u00e4zise Einzel- oder Mehrlochreihen ausf\u00fchren kann. Die Vielzahl an ben\u00f6tigten Stanzkopfteilen f\u00fcr all die verschiedenen pneumatischen Standarte, erwogen mich den flexiblen digital Schneider, der auf einfache Weise eine gew\u00fcnschte Anzahl einer bestimmten Gr\u00f6sse ausf\u00fchren kann, anzuschaffen.<\/p>\n<p>Ich habe eine Nische von Produkten gefunden, die f\u00fcr die noch zahlreich zu restaurierenden symphonischen Orgeln ben\u00f6tigt sind. Der Produktionsstandort Rum\u00e4nien erm\u00f6glicht uns Produkte zu einem r\u00e4sonablen Preis zu fertigen und durch professionelle Pr\u00fcfung der Orgelteile die Qualit\u00e4t hochzuhalten.<\/p>\n<p>Wir sind flexibel und k\u00f6nnen auf die W\u00fcnsche der Kunden eingehen.<\/p>","protected":false},"excerpt":{"rendered":"<p>Mein Anliegen ist es bei den pneumatischen Orgelteilen durch die richtige und fehlerfreie Materialwahl, h\u00f6chste Qualit\u00e4t zu produzieren. Der Zuschnitt wird auf einer von maximaler Pr\u00e4zision im textilen Bereich verwendeten Z\u00fcnd digital Cutter nach Anfertigung der entsprechenden Files zu geschnitten. Durch die Projektionsm\u00f6glichkeit, k\u00f6nnen die Teile frei auf St\u00e4rke des&#8230;  <a class=\"excerpt-read-more\" href=\"https:\/\/pneum-orgelteile.com\/de\/prazisionstechnik\/\" title=\"Read Pr\u00e4zisionstechnik\">Weiter &raquo;<\/a><\/p>\n","protected":false},"author":1,"featured_media":0,"parent":0,"menu_order":0,"comment_status":"closed","ping_status":"closed","template":"page-with-products.php","meta":{"footnotes":""},"class_list":["post-12","page","type-page","status-publish","hentry"],"yoast_head":"<!-- This site is optimized with the Yoast SEO plugin v27.3 - https:\/\/yoast.com\/product\/yoast-seo-wordpress\/ -->\n<title>Pneumatische Orgelteile &amp; Restauration Pr\u00e4zisionstechnik<\/title>\n<meta name=\"robots\" content=\"index, follow, max-snippet:-1, max-image-preview:large, max-video-preview:-1\" \/>\n<link rel=\"canonical\" href=\"https:\/\/pneum-orgelteile.com\/de\/precision-engineering\/\" \/>\n<meta property=\"og:locale\" content=\"de_DE\" \/>\n<meta property=\"og:type\" content=\"article\" \/>\n<meta property=\"og:title\" content=\"Pneumatische Orgelteile &amp; Restauration Pr\u00e4zisionstechnik\" \/>\n<meta property=\"og:description\" content=\"Mein Anliegen ist es bei den pneumatischen Orgelteilen durch die richtige und fehlerfreie Materialwahl, h\u00f6chste Qualit\u00e4t zu produzieren. Der Zuschnitt wird auf einer von maximaler Pr\u00e4zision im textilen Bereich verwendeten Z\u00fcnd digital Cutter nach Anfertigung der entsprechenden Files zu geschnitten. Durch die Projektionsm\u00f6glichkeit, k\u00f6nnen die Teile frei auf St\u00e4rke des... Weiter &raquo;\" \/>\n<meta property=\"og:url\" content=\"https:\/\/pneum-orgelteile.com\/de\/precision-engineering\/\" \/>\n<meta property=\"og:site_name\" content=\"Pneumatische Orgelteile &amp; Restauration\" \/>\n<meta property=\"article:modified_time\" content=\"2024-05-22T19:36:20+00:00\" \/>\n<meta property=\"og:image\" content=\"https:\/\/dev.pneum-orgelteile.com\/wp-content\/uploads\/2023\/12\/IMG_1535-crop-300x225.jpg\" \/>\n<meta name=\"twitter:card\" content=\"summary_large_image\" \/>\n<meta name=\"twitter:label1\" content=\"Gesch\u00e4tzte Lesezeit\" \/>\n\t<meta name=\"twitter:data1\" content=\"1\u00a0Minute\" \/>\n<script type=\"application\/ld+json\" class=\"yoast-schema-graph\">{\"@context\":\"https:\\\/\\\/schema.org\",\"@graph\":[{\"@type\":\"WebPage\",\"@id\":\"https:\\\/\\\/pneum-orgelteile.com\\\/de\\\/precision-engineering\\\/\",\"url\":\"https:\\\/\\\/pneum-orgelteile.com\\\/de\\\/precision-engineering\\\/\",\"name\":\"Pneumatische Orgelteile &amp; Restauration Pr\u00e4zisionstechnik\",\"isPartOf\":{\"@id\":\"https:\\\/\\\/pneum-orgelteile.com\\\/de\\\/#website\"},\"primaryImageOfPage\":{\"@id\":\"https:\\\/\\\/pneum-orgelteile.com\\\/de\\\/precision-engineering\\\/#primaryimage\"},\"image\":{\"@id\":\"https:\\\/\\\/pneum-orgelteile.com\\\/en\\\/precision-engineering\\\/#primaryimage\"},\"thumbnailUrl\":\"https:\\\/\\\/dev.pneum-orgelteile.com\\\/wp-content\\\/uploads\\\/2023\\\/12\\\/IMG_1535-crop-300x225.jpg\",\"datePublished\":\"2023-12-05T09:54:36+00:00\",\"dateModified\":\"2024-05-22T19:36:20+00:00\",\"breadcrumb\":{\"@id\":\"https:\\\/\\\/pneum-orgelteile.com\\\/de\\\/precision-engineering\\\/#breadcrumb\"},\"inLanguage\":\"de\",\"potentialAction\":[{\"@type\":\"ReadAction\",\"target\":[[\"https:\\\/\\\/pneum-orgelteile.com\\\/de\\\/precision-engineering\\\/\"]]}]},{\"@type\":\"ImageObject\",\"inLanguage\":\"de\",\"@id\":\"https:\\\/\\\/pneum-orgelteile.com\\\/de\\\/precision-engineering\\\/#primaryimage\",\"url\":\"https:\\\/\\\/dev.pneum-orgelteile.com\\\/wp-content\\\/uploads\\\/2023\\\/12\\\/IMG_1535-crop-300x225.jpg\",\"contentUrl\":\"https:\\\/\\\/dev.pneum-orgelteile.com\\\/wp-content\\\/uploads\\\/2023\\\/12\\\/IMG_1535-crop-300x225.jpg\"},{\"@type\":\"BreadcrumbList\",\"@id\":\"https:\\\/\\\/pneum-orgelteile.com\\\/de\\\/precision-engineering\\\/#breadcrumb\",\"itemListElement\":[{\"@type\":\"ListItem\",\"position\":1,\"name\":\"Home\",\"item\":\"https:\\\/\\\/pneum-orgelteile.com\\\/de\\\/\"},{\"@type\":\"ListItem\",\"position\":2,\"name\":\"Precision Engineering\"}]},{\"@type\":\"WebSite\",\"@id\":\"https:\\\/\\\/pneum-orgelteile.com\\\/de\\\/#website\",\"url\":\"https:\\\/\\\/pneum-orgelteile.com\\\/de\\\/\",\"name\":\"Pneumatische Orgelteile & Restauration\",\"description\":\"Schweizer Fachkenntnisse und Technologie f\u00fcr hochwertige Produkte\",\"potentialAction\":[{\"@type\":\"SearchAction\",\"target\":{\"@type\":\"EntryPoint\",\"urlTemplate\":\"https:\\\/\\\/pneum-orgelteile.com\\\/de\\\/?s={search_term_string}\"},\"query-input\":{\"@type\":\"PropertyValueSpecification\",\"valueRequired\":true,\"valueName\":\"search_term_string\"}}],\"inLanguage\":\"de\"}]}<\/script>\n<!-- \/ Yoast SEO plugin. -->","yoast_head_json":{"title":"Pneumatische Orgelteile &amp; Restauration Pr\u00e4zisionstechnik","robots":{"index":"index","follow":"follow","max-snippet":"max-snippet:-1","max-image-preview":"max-image-preview:large","max-video-preview":"max-video-preview:-1"},"canonical":"https:\/\/pneum-orgelteile.com\/de\/precision-engineering\/","og_locale":"de_DE","og_type":"article","og_title":"Pneumatische Orgelteile &amp; Restauration Pr\u00e4zisionstechnik","og_description":"Mein Anliegen ist es bei den pneumatischen Orgelteilen durch die richtige und fehlerfreie Materialwahl, h\u00f6chste Qualit\u00e4t zu produzieren. Der Zuschnitt wird auf einer von maximaler Pr\u00e4zision im textilen Bereich verwendeten Z\u00fcnd digital Cutter nach Anfertigung der entsprechenden Files zu geschnitten. Durch die Projektionsm\u00f6glichkeit, k\u00f6nnen die Teile frei auf St\u00e4rke des... Weiter &raquo;","og_url":"https:\/\/pneum-orgelteile.com\/de\/precision-engineering\/","og_site_name":"Pneumatische Orgelteile &amp; Restauration","article_modified_time":"2024-05-22T19:36:20+00:00","og_image":[{"url":"https:\/\/dev.pneum-orgelteile.com\/wp-content\/uploads\/2023\/12\/IMG_1535-crop-300x225.jpg","type":"","width":"","height":""}],"twitter_card":"summary_large_image","twitter_misc":{"Gesch\u00e4tzte Lesezeit":"1\u00a0Minute"},"schema":{"@context":"https:\/\/schema.org","@graph":[{"@type":"WebPage","@id":"https:\/\/pneum-orgelteile.com\/de\/precision-engineering\/","url":"https:\/\/pneum-orgelteile.com\/de\/precision-engineering\/","name":"Pneumatische Orgelteile &amp; Restauration Pr\u00e4zisionstechnik","isPartOf":{"@id":"https:\/\/pneum-orgelteile.com\/de\/#website"},"primaryImageOfPage":{"@id":"https:\/\/pneum-orgelteile.com\/de\/precision-engineering\/#primaryimage"},"image":{"@id":"https:\/\/pneum-orgelteile.com\/en\/precision-engineering\/#primaryimage"},"thumbnailUrl":"https:\/\/dev.pneum-orgelteile.com\/wp-content\/uploads\/2023\/12\/IMG_1535-crop-300x225.jpg","datePublished":"2023-12-05T09:54:36+00:00","dateModified":"2024-05-22T19:36:20+00:00","breadcrumb":{"@id":"https:\/\/pneum-orgelteile.com\/de\/precision-engineering\/#breadcrumb"},"inLanguage":"de","potentialAction":[{"@type":"ReadAction","target":[["https:\/\/pneum-orgelteile.com\/de\/precision-engineering\/"]]}]},{"@type":"ImageObject","inLanguage":"de","@id":"https:\/\/pneum-orgelteile.com\/de\/precision-engineering\/#primaryimage","url":"https:\/\/dev.pneum-orgelteile.com\/wp-content\/uploads\/2023\/12\/IMG_1535-crop-300x225.jpg","contentUrl":"https:\/\/dev.pneum-orgelteile.com\/wp-content\/uploads\/2023\/12\/IMG_1535-crop-300x225.jpg"},{"@type":"BreadcrumbList","@id":"https:\/\/pneum-orgelteile.com\/de\/precision-engineering\/#breadcrumb","itemListElement":[{"@type":"ListItem","position":1,"name":"Home","item":"https:\/\/pneum-orgelteile.com\/de\/"},{"@type":"ListItem","position":2,"name":"Precision Engineering"}]},{"@type":"WebSite","@id":"https:\/\/pneum-orgelteile.com\/de\/#website","url":"https:\/\/pneum-orgelteile.com\/de\/","name":"Pneumatische Orgelteile & Restauration","description":"Schweizer Fachkenntnisse und Technologie f\u00fcr hochwertige Produkte","potentialAction":[{"@type":"SearchAction","target":{"@type":"EntryPoint","urlTemplate":"https:\/\/pneum-orgelteile.com\/de\/?s={search_term_string}"},"query-input":{"@type":"PropertyValueSpecification","valueRequired":true,"valueName":"search_term_string"}}],"inLanguage":"de"}]}},"_links":{"self":[{"href":"https:\/\/pneum-orgelteile.com\/de\/wp-json\/wp\/v2\/pages\/12","targetHints":{"allow":["GET"]}}],"collection":[{"href":"https:\/\/pneum-orgelteile.com\/de\/wp-json\/wp\/v2\/pages"}],"about":[{"href":"https:\/\/pneum-orgelteile.com\/de\/wp-json\/wp\/v2\/types\/page"}],"author":[{"embeddable":true,"href":"https:\/\/pneum-orgelteile.com\/de\/wp-json\/wp\/v2\/users\/1"}],"replies":[{"embeddable":true,"href":"https:\/\/pneum-orgelteile.com\/de\/wp-json\/wp\/v2\/comments?post=12"}],"version-history":[{"count":6,"href":"https:\/\/pneum-orgelteile.com\/de\/wp-json\/wp\/v2\/pages\/12\/revisions"}],"predecessor-version":[{"id":486,"href":"https:\/\/pneum-orgelteile.com\/de\/wp-json\/wp\/v2\/pages\/12\/revisions\/486"}],"wp:attachment":[{"href":"https:\/\/pneum-orgelteile.com\/de\/wp-json\/wp\/v2\/media?parent=12"}],"curies":[{"name":"wp","href":"https:\/\/api.w.org\/{rel}","templated":true}]}}