{"id":10,"date":"2023-12-05T11:53:55","date_gmt":"2023-12-05T09:53:55","guid":{"rendered":"https:\/\/pneum-orgelteile.com\/dev\/?page_id=10"},"modified":"2024-05-22T22:40:03","modified_gmt":"2024-05-22T19:40:03","slug":"barbara-dutli","status":"publish","type":"page","link":"https:\/\/pneum-orgelteile.com\/de\/barbara-dutli\/","title":{"rendered":"Barbara Dutli"},"content":{"rendered":"<p><img loading=\"lazy\" decoding=\"async\" class=\"alignleft wp-image-6 size-medium\" src=\"https:\/\/dev.pneum-orgelteile.com\/wp-content\/uploads\/2023\/12\/DSC_0140-300x201.jpeg\" alt=\"\" width=\"300\" height=\"201\" srcset=\"https:\/\/pneum-orgelteile.com\/wp-content\/uploads\/2023\/12\/DSC_0140-300x201.jpeg 300w, https:\/\/pneum-orgelteile.com\/wp-content\/uploads\/2023\/12\/DSC_0140.jpeg 640w\" sizes=\"auto, (max-width: 300px) 100vw, 300px\" \/>Mein Name ist Barbara Dutli, Orgelbauerin, ausgebildet in der Schweiz, Orgelbau Ferdinand Stemmer AG. Nach 10 -j\u00e4hriger Arbeitst\u00e4tigkeit auch an verschiedenen internationalen Orgeln, vorwiegend in Restaurierung, habe ich \u00fcber 15 Jahre die Ausbildungsst\u00e4tte zu Orgelbauern in Honigberg, Siebenb\u00fcrgen, Rum\u00e4nien geleitet.<\/p>\n<p>Nach Abschluss meines Mandates, habe ich seit 2019 meine eigene Einzelfirma Barbara Dutli Orgelbau &amp; Bewegung gegr\u00fcndet. Auch wenn meine T\u00e4tigkeit in Siebenb\u00fcrgen abgeschlossen ist, bin ich dort weiter engagiert. Die oben erw\u00e4hnte Nische pneumatische Orgelteile zu produzieren, war nur m\u00f6glich durch den Erwerb der Firma Rosmarie und Eberhard Mager aus Leipzig, die ihr ganzes Leben der Pneumatik gewidmet haben. Ihre Entscheidung aus dem produktiven Arbeitsleben zur\u00fcckzutreten, ermunterte mich, in dieses Spezialgebiet einzutauchen und in Kursen die n\u00f6tige Fachkenntnis und T\u00fccken der verschiedenen Produkte kennenzulernen und auszuf\u00fchren.<\/p>","protected":false},"excerpt":{"rendered":"<p>Mein Name ist Barbara Dutli, Orgelbauerin, ausgebildet in der Schweiz, Orgelbau Ferdinand Stemmer AG. Nach 10 -j\u00e4hriger Arbeitst\u00e4tigkeit auch an verschiedenen internationalen Orgeln, vorwiegend in Restaurierung, habe ich \u00fcber 15 Jahre die Ausbildungsst\u00e4tte zu Orgelbauern in Honigberg, Siebenb\u00fcrgen, Rum\u00e4nien geleitet. Nach Abschluss meines Mandates, habe ich seit 2019 meine eigene&#8230;  <a class=\"excerpt-read-more\" href=\"https:\/\/pneum-orgelteile.com\/de\/barbara-dutli\/\" title=\"Read Barbara Dutli\">Weiter &raquo;<\/a><\/p>\n","protected":false},"author":1,"featured_media":0,"parent":0,"menu_order":0,"comment_status":"closed","ping_status":"closed","template":"page-with-products.php","meta":{"footnotes":""},"class_list":["post-10","page","type-page","status-publish","hentry"],"yoast_head":"<!-- This site is optimized with the Yoast SEO plugin v27.3 - https:\/\/yoast.com\/product\/yoast-seo-wordpress\/ -->\n<title>Pneumatische Orgelteile &amp; Restauration Barbara Dutli<\/title>\n<meta name=\"robots\" content=\"index, follow, max-snippet:-1, max-image-preview:large, max-video-preview:-1\" \/>\n<link rel=\"canonical\" href=\"https:\/\/pneum-orgelteile.com\/de\/barbara-dutli\/\" \/>\n<meta property=\"og:locale\" content=\"de_DE\" \/>\n<meta property=\"og:type\" content=\"article\" \/>\n<meta property=\"og:title\" content=\"Pneumatische Orgelteile &amp; Restauration Barbara Dutli\" \/>\n<meta property=\"og:description\" content=\"Mein Name ist Barbara Dutli, Orgelbauerin, ausgebildet in der Schweiz, Orgelbau Ferdinand Stemmer AG. Nach 10 -j\u00e4hriger Arbeitst\u00e4tigkeit auch an verschiedenen internationalen Orgeln, vorwiegend in Restaurierung, habe ich \u00fcber 15 Jahre die Ausbildungsst\u00e4tte zu Orgelbauern in Honigberg, Siebenb\u00fcrgen, Rum\u00e4nien geleitet. Nach Abschluss meines Mandates, habe ich seit 2019 meine eigene... Weiter &raquo;\" \/>\n<meta property=\"og:url\" content=\"https:\/\/pneum-orgelteile.com\/de\/barbara-dutli\/\" \/>\n<meta property=\"og:site_name\" content=\"Pneumatische Orgelteile &amp; Restauration\" \/>\n<meta property=\"article:modified_time\" content=\"2024-05-22T19:40:03+00:00\" \/>\n<meta property=\"og:image\" content=\"https:\/\/dev.pneum-orgelteile.com\/wp-content\/uploads\/2023\/12\/DSC_0140-300x201.jpeg\" \/>\n<meta name=\"twitter:card\" content=\"summary_large_image\" \/>\n<meta name=\"twitter:label1\" content=\"Gesch\u00e4tzte Lesezeit\" \/>\n\t<meta name=\"twitter:data1\" content=\"1\u00a0Minute\" \/>\n<script type=\"application\/ld+json\" class=\"yoast-schema-graph\">{\"@context\":\"https:\\\/\\\/schema.org\",\"@graph\":[{\"@type\":\"WebPage\",\"@id\":\"https:\\\/\\\/pneum-orgelteile.com\\\/de\\\/barbara-dutli\\\/\",\"url\":\"https:\\\/\\\/pneum-orgelteile.com\\\/de\\\/barbara-dutli\\\/\",\"name\":\"Pneumatische Orgelteile &amp; Restauration Barbara Dutli\",\"isPartOf\":{\"@id\":\"https:\\\/\\\/pneum-orgelteile.com\\\/de\\\/#website\"},\"primaryImageOfPage\":{\"@id\":\"https:\\\/\\\/pneum-orgelteile.com\\\/de\\\/barbara-dutli\\\/#primaryimage\"},\"image\":{\"@id\":\"https:\\\/\\\/pneum-orgelteile.com\\\/en\\\/barbara-dutli\\\/#primaryimage\"},\"thumbnailUrl\":\"https:\\\/\\\/dev.pneum-orgelteile.com\\\/wp-content\\\/uploads\\\/2023\\\/12\\\/DSC_0140-300x201.jpeg\",\"datePublished\":\"2023-12-05T09:53:55+00:00\",\"dateModified\":\"2024-05-22T19:40:03+00:00\",\"breadcrumb\":{\"@id\":\"https:\\\/\\\/pneum-orgelteile.com\\\/de\\\/barbara-dutli\\\/#breadcrumb\"},\"inLanguage\":\"de\",\"potentialAction\":[{\"@type\":\"ReadAction\",\"target\":[[\"https:\\\/\\\/pneum-orgelteile.com\\\/de\\\/barbara-dutli\\\/\"]]}]},{\"@type\":\"ImageObject\",\"inLanguage\":\"de\",\"@id\":\"https:\\\/\\\/pneum-orgelteile.com\\\/de\\\/barbara-dutli\\\/#primaryimage\",\"url\":\"https:\\\/\\\/dev.pneum-orgelteile.com\\\/wp-content\\\/uploads\\\/2023\\\/12\\\/DSC_0140-300x201.jpeg\",\"contentUrl\":\"https:\\\/\\\/dev.pneum-orgelteile.com\\\/wp-content\\\/uploads\\\/2023\\\/12\\\/DSC_0140-300x201.jpeg\"},{\"@type\":\"BreadcrumbList\",\"@id\":\"https:\\\/\\\/pneum-orgelteile.com\\\/de\\\/barbara-dutli\\\/#breadcrumb\",\"itemListElement\":[{\"@type\":\"ListItem\",\"position\":1,\"name\":\"Home\",\"item\":\"https:\\\/\\\/pneum-orgelteile.com\\\/de\\\/\"},{\"@type\":\"ListItem\",\"position\":2,\"name\":\"Barbara Dutli\"}]},{\"@type\":\"WebSite\",\"@id\":\"https:\\\/\\\/pneum-orgelteile.com\\\/de\\\/#website\",\"url\":\"https:\\\/\\\/pneum-orgelteile.com\\\/de\\\/\",\"name\":\"Pneumatische Orgelteile & Restauration\",\"description\":\"Schweizer Fachkenntnisse und Technologie f\u00fcr hochwertige Produkte\",\"potentialAction\":[{\"@type\":\"SearchAction\",\"target\":{\"@type\":\"EntryPoint\",\"urlTemplate\":\"https:\\\/\\\/pneum-orgelteile.com\\\/de\\\/?s={search_term_string}\"},\"query-input\":{\"@type\":\"PropertyValueSpecification\",\"valueRequired\":true,\"valueName\":\"search_term_string\"}}],\"inLanguage\":\"de\"}]}<\/script>\n<!-- \/ Yoast SEO plugin. -->","yoast_head_json":{"title":"Pneumatische Orgelteile &amp; Restauration Barbara Dutli","robots":{"index":"index","follow":"follow","max-snippet":"max-snippet:-1","max-image-preview":"max-image-preview:large","max-video-preview":"max-video-preview:-1"},"canonical":"https:\/\/pneum-orgelteile.com\/de\/barbara-dutli\/","og_locale":"de_DE","og_type":"article","og_title":"Pneumatische Orgelteile &amp; Restauration Barbara Dutli","og_description":"Mein Name ist Barbara Dutli, Orgelbauerin, ausgebildet in der Schweiz, Orgelbau Ferdinand Stemmer AG. Nach 10 -j\u00e4hriger Arbeitst\u00e4tigkeit auch an verschiedenen internationalen Orgeln, vorwiegend in Restaurierung, habe ich \u00fcber 15 Jahre die Ausbildungsst\u00e4tte zu Orgelbauern in Honigberg, Siebenb\u00fcrgen, Rum\u00e4nien geleitet. Nach Abschluss meines Mandates, habe ich seit 2019 meine eigene... Weiter &raquo;","og_url":"https:\/\/pneum-orgelteile.com\/de\/barbara-dutli\/","og_site_name":"Pneumatische Orgelteile &amp; Restauration","article_modified_time":"2024-05-22T19:40:03+00:00","og_image":[{"url":"https:\/\/dev.pneum-orgelteile.com\/wp-content\/uploads\/2023\/12\/DSC_0140-300x201.jpeg","type":"","width":"","height":""}],"twitter_card":"summary_large_image","twitter_misc":{"Gesch\u00e4tzte Lesezeit":"1\u00a0Minute"},"schema":{"@context":"https:\/\/schema.org","@graph":[{"@type":"WebPage","@id":"https:\/\/pneum-orgelteile.com\/de\/barbara-dutli\/","url":"https:\/\/pneum-orgelteile.com\/de\/barbara-dutli\/","name":"Pneumatische Orgelteile &amp; Restauration Barbara Dutli","isPartOf":{"@id":"https:\/\/pneum-orgelteile.com\/de\/#website"},"primaryImageOfPage":{"@id":"https:\/\/pneum-orgelteile.com\/de\/barbara-dutli\/#primaryimage"},"image":{"@id":"https:\/\/pneum-orgelteile.com\/en\/barbara-dutli\/#primaryimage"},"thumbnailUrl":"https:\/\/dev.pneum-orgelteile.com\/wp-content\/uploads\/2023\/12\/DSC_0140-300x201.jpeg","datePublished":"2023-12-05T09:53:55+00:00","dateModified":"2024-05-22T19:40:03+00:00","breadcrumb":{"@id":"https:\/\/pneum-orgelteile.com\/de\/barbara-dutli\/#breadcrumb"},"inLanguage":"de","potentialAction":[{"@type":"ReadAction","target":[["https:\/\/pneum-orgelteile.com\/de\/barbara-dutli\/"]]}]},{"@type":"ImageObject","inLanguage":"de","@id":"https:\/\/pneum-orgelteile.com\/de\/barbara-dutli\/#primaryimage","url":"https:\/\/dev.pneum-orgelteile.com\/wp-content\/uploads\/2023\/12\/DSC_0140-300x201.jpeg","contentUrl":"https:\/\/dev.pneum-orgelteile.com\/wp-content\/uploads\/2023\/12\/DSC_0140-300x201.jpeg"},{"@type":"BreadcrumbList","@id":"https:\/\/pneum-orgelteile.com\/de\/barbara-dutli\/#breadcrumb","itemListElement":[{"@type":"ListItem","position":1,"name":"Home","item":"https:\/\/pneum-orgelteile.com\/de\/"},{"@type":"ListItem","position":2,"name":"Barbara Dutli"}]},{"@type":"WebSite","@id":"https:\/\/pneum-orgelteile.com\/de\/#website","url":"https:\/\/pneum-orgelteile.com\/de\/","name":"Pneumatische Orgelteile & Restauration","description":"Schweizer Fachkenntnisse und Technologie f\u00fcr hochwertige Produkte","potentialAction":[{"@type":"SearchAction","target":{"@type":"EntryPoint","urlTemplate":"https:\/\/pneum-orgelteile.com\/de\/?s={search_term_string}"},"query-input":{"@type":"PropertyValueSpecification","valueRequired":true,"valueName":"search_term_string"}}],"inLanguage":"de"}]}},"_links":{"self":[{"href":"https:\/\/pneum-orgelteile.com\/de\/wp-json\/wp\/v2\/pages\/10","targetHints":{"allow":["GET"]}}],"collection":[{"href":"https:\/\/pneum-orgelteile.com\/de\/wp-json\/wp\/v2\/pages"}],"about":[{"href":"https:\/\/pneum-orgelteile.com\/de\/wp-json\/wp\/v2\/types\/page"}],"author":[{"embeddable":true,"href":"https:\/\/pneum-orgelteile.com\/de\/wp-json\/wp\/v2\/users\/1"}],"replies":[{"embeddable":true,"href":"https:\/\/pneum-orgelteile.com\/de\/wp-json\/wp\/v2\/comments?post=10"}],"version-history":[{"count":7,"href":"https:\/\/pneum-orgelteile.com\/de\/wp-json\/wp\/v2\/pages\/10\/revisions"}],"predecessor-version":[{"id":487,"href":"https:\/\/pneum-orgelteile.com\/de\/wp-json\/wp\/v2\/pages\/10\/revisions\/487"}],"wp:attachment":[{"href":"https:\/\/pneum-orgelteile.com\/de\/wp-json\/wp\/v2\/media?parent=10"}],"curies":[{"name":"wp","href":"https:\/\/api.w.org\/{rel}","templated":true}]}}